{"id":55,"date":"2020-07-18T13:12:37","date_gmt":"2020-07-18T13:12:37","guid":{"rendered":"https:\/\/wp.mochileirodasmaravilhas.com.br\/index.php\/one-page-express\/"},"modified":"2023-02-24T22:20:29","modified_gmt":"2023-02-24T22:20:29","slug":"one-page-express","status":"publish","type":"page","link":"https:\/\/wonders.tur.br\/","title":{"rendered":"Front Page"},"content":{"rendered":"<div  id=\"overlapable-2\" style=\"background-color: rgb(246, 246, 246);\" data-label=\"Overlapable\" data-id=\"stripped-coloured-icon-boxes\" data-category=\"overlapable\" class=\"features-coloured-icon-boxes-section\" data-overlap=\"true\"> <div  class=\"gridContainer\"> <div  class=\"features-coloured-icon-boxes-innerrow flexbox-list dark-text\" data-type=\"row\"> <div  class=\"features-coloured-icon-boxes-featurecol cp3cols\"> <div  class=\"features-coloured-icon-boxes-iconcontainer\" data-content-item-container=\"true\"> <i  data-cp-fa=\"true\" class=\"features-coloured-icon fa fa-map-signs\"><\/i> <\/div> <h4  class=\"\">Para onde ir?<\/h4> <p  class=\"\">A decis\u00e3o da escolha do local nem sempre \u00e9 f\u00e1cil. Antes de decidir, pense em fatores como \u00e9poca do ano, custo da viagem , documenta\u00e7\u00e3o necess\u00e1ria e, \u00e9 claro, suas prefer\u00eancias e restri\u00e7\u00f5es!&nbsp;<\/p> <a class=\"features-coloured-button\" href=\"#\" target=\"_self\" rel=\"noopener\">\u2014\u2014\u2013<\/a> <\/div> <div  class=\"features-coloured-icon-boxes-featurecol cp3cols\"> <div  class=\"features-coloured-icon-boxes-iconcontainer\" data-content-item-container=\"true\"> <i  data-cp-fa=\"true\" class=\"features-coloured-icon fa fa-clock-o\"><\/i> <\/div> <h4  class=\"\">Quando vou viajar?<\/h4> <p  class=\"\">Escolher a melhor \u00e9poca para sua viagem \u00e9 muito importante, mas \u00e0s vezes, n\u00e3o temos muitas op\u00e7\u00f5es. Isso, de acordo com suas prefer\u00eancias, vai limitar os destinos poss\u00edveis, ent\u00e3o pense com cuidado!&nbsp;<\/p> <a class=\"features-coloured-button\" href=\"#\" target=\"_self\" rel=\"noopener\">\u2014\u2014\u2013<\/a> <\/div> <div  class=\"features-coloured-icon-boxes-featurecol cp3cols\"> <div  class=\"features-coloured-icon-boxes-iconcontainer\" data-content-item-container=\"true\"> <i  data-cp-fa=\"true\" class=\"features-coloured-icon fa fa-dollar\"><\/i> <\/div> <h4  class=\"\">Quanto posso gastar?<\/h4> <p  class=\"\">Valores! Quando falamos em dinheiro, tudo muda! Por\u00e9m saber quanto temos para gastar (ou quanto queremos gastar) \u00e9 importante para definir alguns detalhes e o destino da viagem.<\/p> <a class=\"features-coloured-button\" href=\"#\" target=\"_self\" rel=\"noopener\">\u2014\u2014\u2013<\/a> <\/div> <div  class=\"features-coloured-icon-boxes-featurecol cp3cols\"> <div  class=\"features-coloured-icon-boxes-iconcontainer\" data-content-item-container=\"true\"> <i  data-cp-fa=\"true\" class=\"features-coloured-icon fa fa-users\"><\/i> <\/div> <h4  class=\"\">Com quem eu vou?<\/h4> <p  class=\"\">Sozinho? Casal? Amigos? Fam\u00edlia? Essa informa\u00e7\u00e3o \u00e9 determinante no planejamento da viagem. Por aqui tra\u00e7aremos o planejamento do destino mais adequado para cada perfil.<\/p> <a class=\"features-coloured-button\" href=\"#\" target=\"_self\" rel=\"noopener\">\u2014\u2014\u2013<\/a> <\/div> <\/div> <\/div><\/div><div  id=\"about-1\" style=\"background-color: #f6f6f6;\" data-label=\"About\" data-id=\"about-big-images-section\" data-category=\"about\" class=\"about-big-images-section\"> <div  class=\"gridContainer\"> <div  class=\"about-big-images-textrow\"> <div  class=\"about-big-images-textcol dynamic-color\" data-type=\"column\"> <h5  class=\"\">QUAL DESTINO ESCOLHER?<\/h5> <h3  class=\"\">O mundo \u00e9 vasto, \u00e9 incr\u00edvel, \u00e9 encantador e \u00e9 grande! E agora, pra onde eu vou?<\/h3> <p  class=\"\">Se voc\u00ea chegou at\u00e9 aqui, entendeu como trabalhamos e j\u00e1 respondeu aquelas perguntas l\u00e1 de cima, o primeiro passo foi dado. \u00c9 hora de escrever pra gente, pois vamos te ajudar a escolher o melhor destino pra sua viagem!\n<\/p>  <a class=\"button blue\" href=\"#\" target=\"_self\" rel=\"noopener\">wondersturismo@gmail.com<\/a><\/div> <\/div> <\/div> <div  class=\"about-big-images-bottomrow\"> <div  class=\"about-big-images-leftimgcol\"><img  decoding=\"async\" class=\"about-big-images-leftimg\" src=\"https:\/\/wonders.tur.br\/wp-content\/uploads\/2020\/07\/SAM_2532-scaled.jpg\" alt=\"Rio de Janeiro by Daniel Thompson\"> <\/div> <div  class=\"about-big-images-centerimgcol\"><img  decoding=\"async\" class=\"about-big-images-centerimg\" src=\"https:\/\/wonders.tur.br\/wp-content\/uploads\/2021\/02\/Captura-de-Tela-2016-08-28-a\u0300s-19.43.39.png\" alt=\"\"> <\/div> <div  class=\"about-big-images-rightimgcol\"><img  decoding=\"async\" class=\"about-big-images-rightimg\" src=\"https:\/\/wonders.tur.br\/wp-content\/uploads\/2021\/02\/Captura-de-Tela-2016-12-31-a\u0300s-11.59.26.png\" alt=\"\"> <\/div> <\/div> <\/div><div  id=\"content-3\" style=\"background-color: #ffffff;\" data-label=\"Content\" data-id=\"content-image-left\" data-category=\"content\" class=\"content-left-image-section\"> <div  class=\"gridContainer\"> <div  class=\"row\"> <div  class=\"content-left-image-imgcol\" data-type=\"column\"> <img  decoding=\"async\" src=\"https:\/\/wonders.tur.br\/wp-content\/uploads\/2021\/02\/b-mapa1.jpg\" class=\"\" alt=\"\"> <\/div> <div  class=\"content-left-image-textcol dynamic-color\" data-type=\"column\"> <h2  class=\"\">Planejamento<\/h2> <p  class=\"large_text\"> Toda viagem exige e merece um bom planejamento. Claro que o acaso e as surpresas s\u00e3o boas e isso nos encanta, mas programar os passos \u00e9 muito importante! Por isso estamos aqui e vamos te ajudar muito nessa (p)arte!<\/p><i  class=\"fa cp-icon fa1 fa-handshake-o\"><\/i>  <\/div> <\/div> <\/div> <\/div><div  id=\"content-4\" style=\"background-color: #f6f6f6;\" data-label=\"Content\" data-id=\"content-image-right\" data-category=\"content\" class=\"content-right-image-section\"> <div  class=\"gridContainer\"> <div  class=\"content-right-image-gridcol\"> <div  class=\"content-right-image-textcol dynamic-color\" data-type=\"column\"> <h2  class=\"\">Cuidados<\/h2> <i  class=\"fa cp-icon fa1 fa-medkit\"><\/i><p  class=\"large_text\"> A melhor parte do planejamento de viagem \u00e9 pensar nos destinos, escolher os hot\u00e9is, imaginar quais lugares ser\u00e3o visitados, as comidas\u2026&nbsp;por\u00e9m, uma parte muito importante \u00e9 o cuidado com documenta\u00e7\u00e3o e sa\u00fade! \n<br ><br >Vacinas, vistos, seguro, moedas\u2026 tudo isso tem que estar bem ajustado para que a viagem corra da melhor maneira poss\u00edvel! \n<br ><br >Conte com a gente para n\u00e3o esquecer nada!<\/p>  <i  class=\"fa cp-icon fa1 fa-id-card-o\"><\/i><\/div> <div  class=\"content-right-image-imgcol\" data-type=\"column\"> <img  decoding=\"async\" src=\"https:\/\/wonders.tur.br\/wp-content\/uploads\/2021\/02\/Passaporte.jpg\" class=\"\" alt=\"\"> <\/div> <\/div> <\/div> <\/div><div  id=\"portfolio-2\" style=\"background-color: #ffffff;\" data-label=\"Portfolio\" data-id=\"portfolio-full-section\" data-category=\"portfolio\"> <div  class=\"portfolio-full-section\" data-type=\"row\"> <div  class=\"portfolio-full-projectco cp4cols cp4cols-tablet\"> <div  class=\"contentswap-effect ContentSwap103\" hover-fx=\"ContentSwap103\" id=\"ContentSwap103\"> <div  class=\"ContentSwap103_content initial-image\"><img  decoding=\"async\" class=\"portfolio-full-projectimg\" data-size=\"1200x800\" src=\"https:\/\/wonders.tur.br\/wp-content\/uploads\/2021\/02\/cropped-20181101_1647380-scaled-1.jpg\"> <\/div> <div  class=\"overlay\" style=\"display: block; opacity: 1;\"><\/div> <div  class=\"swap-inner\" style=\"opacity: 1; display: block;\"> <div  class=\"ContentSwap103-center\"> <h4  class=\"protfolio-full-itemtitle\">VIAGENS EM GRUPO<\/h4><a class=\"button yellow\" href=\"#\" target=\"_self\" rel=\"noopener\">Todos juntos!<\/a> <\/div> <\/div> <\/div> <\/div> <div  class=\"portfolio-full-projectco cp4cols cp4cols-tablet\"> <div  class=\"contentswap-effect ContentSwap103\" hover-fx=\"ContentSwap103\" id=\"ContentSwap103\" is-hovered=\"1\"> <div  class=\"ContentSwap103_content initial-image\"><img  decoding=\"async\" class=\"portfolio-full-projectimg\" data-size=\"1200x800\" src=\"https:\/\/wonders.tur.br\/wp-content\/uploads\/2021\/02\/cropped-Comida-Mexicana.jpg\"> <\/div> <div  class=\"overlay\" style=\"display: block; opacity: 1;\"><\/div> <div  class=\"swap-inner\" style=\"opacity: 1; display: block;\"> <div  class=\"ContentSwap103-center\"> <h4  class=\"protfolio-full-itemtitle\">VIAGENS GASTRON\u00d4MICAS<\/h4><a class=\"button yellow\" href=\"#\" target=\"_self\" rel=\"noopener\">Nham Nham !<\/a> <\/div> <\/div> <\/div> <\/div> <div  class=\"portfolio-full-projectco cp4cols cp4cols-tablet\"> <div  class=\"contentswap-effect ContentSwap103\" hover-fx=\"ContentSwap103\" id=\"ContentSwap103\" is-hovered=\"1\"> <div  class=\"ContentSwap103_content initial-image\"><img  decoding=\"async\" class=\"portfolio-full-projectimg\" data-size=\"1200x800\" src=\"https:\/\/wonders.tur.br\/wp-content\/uploads\/2021\/02\/cropped-SAM_0351-scaled-1.jpg\"> <\/div> <div  class=\"overlay\" style=\"display: block; opacity: 1;\"><\/div> <div  class=\"swap-inner\" style=\"opacity: 1; display: block;\"> <div  class=\"ContentSwap103-center\"> <h4  class=\"protfolio-full-itemtitle\">AVENTURA &amp; NATUREZA<\/h4><a class=\"button yellow\" href=\"#\" target=\"_self\" rel=\"noopener\">O mundo \u00e9 lindo!<\/a> <\/div> <\/div> <\/div> <\/div><\/div><\/div><div  id=\"testimonials-1\" style=\"background-color: #f6f6f6;\" data-label=\"Testimonials\" data-id=\"testimonials-boxed-section\" data-category=\"testimonials\" class=\"testimonials-boxed-section\"> <div  class=\"gridContainer\"> <div  class=\"testimonials-boxed-textcol dynamic-color\" data-type=\"column\"> <h2  class=\"\">O que dizem alguns dos nossos clientes?<\/h2> <p  class=\"\">Trabalhamos para os amigos e para os amigos dos amigos! \n<br ><br >Se voc\u00ea viajou com a gente, mande seu relato! <\/p> <\/div> <div  class=\"testimonials-boxed-itemsrow dark-text\" data-type=\"row\"> <div  class=\"testimonials-boxed-itemcol cp4cols cp6cols-tablet\"> <div  class=\"testimonials-boxed-itemcard\" data-type=\"column\"> <h4  class=\"testimonials-boxed-itemtext\">\u201cFomos para a It\u00e1lia com a Wonders e voltamos encantadas. O guia e o motorista muito atenciosos e sol\u00edcitos. Os hot\u00e9is escolhidos foram perfeitos. Pretendemos voltar assim que poss\u00edvel!\u201c<\/h4> <h5  class=\"testimonials-boxed-itemname\">Laura<\/h5> <h6  class=\"testimonials-boxed-itempos\">Artista Pl\u00e1stica<\/h6> <\/div> <\/div> <div  class=\"testimonials-boxed-itemcol cp4cols cp6cols-tablet\"> <div  class=\"testimonials-boxed-itemcard\" data-type=\"column\"> <h4  class=\"testimonials-boxed-itemtext\">\u201cConhecemos o Uruguai com a Wonders e a experi\u00eancia foi \u00f3tima.\u201d<\/h4> <h5  class=\"testimonials-boxed-itemname\">\u00c2ngela<\/h5> <h6  class=\"testimonials-boxed-itempos\">BANC\u00c1RIA<\/h6> <\/div> <\/div> <div  class=\"testimonials-boxed-itemcol cp4cols cp6cols-tablet\"> <div  class=\"testimonials-boxed-itemcard\" data-type=\"column\">    <p  class=\"\">\u201cA Wonders j\u00e1 me atende h\u00e1 algum tempo. Planejou minha lua-de-mel e hoje me atende nas demandas profissionais. tamb\u00e9m. Sempre o resultado foi o mesmo: atendimento r\u00e1pido e eficiente. \n<br >Recomendo muito! \u201c<\/p><h5  class=\"testimonials-boxed-itemname\">Maurio<\/h5><h6  class=\"testimonials-boxed-itempos\">EMPRES\u00c1RIO<\/h6><\/div> <\/div> <\/div> <\/div><\/div><div  id=\"cta-1\" data-label=\"Call to action\" data-id=\"cta-blue-section\" data-category=\"cta\" class=\"cta-blue-section\"> <div  class=\"gridContainer\"> <div  class=\"flexbox-list flexbox-list-align-center row\"> <div  class=\"cta-blue-textcol dynamic-color\"> <h2  class=\"cta-blue-text\"><b >Vamos viajar? \n<br >Entre em contato!<\/b><\/h2> <\/div> <div  class=\"cta-blue-btncol\"> <a class=\"button big yellow dark-text\" href=\"#\" target=\"_self\" rel=\"noopener\"> wondersturismo@gmail.com <\/a> <\/div> <\/div> <\/div> <\/div><div  id=\"team-1\" style=\"background-color: #ffffff;\" data-label=\"Team\" data-id=\"team-colors-section\" data-category=\"team\" class=\"team-colors-section\"> <div  class=\"gridContainer\"> <div  class=\"team-colors-textcol dynamic-color\"> <h2 >Quem \u00e9 a Wonders?<\/h2> <p  class=\"\">Criador da Wonders, Daniel conhece mais de 60 pa\u00edses e trabalha no turismo h\u00e1 20 anos.<br >As fotos desse site s\u00e3o dele , durante suas andan\u00e7as por a\u00ed. <br >Olha de perto todos os planejamentos dos clientes e gosta de compartilhar hist\u00f3rias!<\/p> <\/div> <div  class=\"team-colors-membersrow dark-text\" data-type=\"row\"> <div  class=\"team-colors-membercol cp3cols cp6cols-tablet\"> <div  class=\"team-colors-membercard\"> <div  class=\"team-colors-background\"><\/div> <div  class=\"team-colors-memberinfo\" data-type=\"column\"><img  decoding=\"async\" class=\"team-colors-memberimg\" data-size=\"500x500\" src=\"https:\/\/wonders.tur.br\/wp-content\/uploads\/2021\/02\/cropped-IMG_0660-scaled-1.jpg\" alt=\"\"> <h4  class=\"team-colors-membername\">Daniel Thompson<\/h4> <p  class=\"team-colors-memberposition\">Viajante Profissional<\/p>  <hr  class=\"team-colors-separator\"> <div  class=\"spacer\" data-type=\"group\"><span  class=\"fa before\"><\/span><i  class=\"fa fa-bandcamp\"><\/i><span  class=\"fa after\"><\/span><\/div><\/div> <div  class=\"team-colors-membericons\" data-type=\"group\"> <a href=\"https:\/\/www.linkedin.com\/in\/daniel-thompson-moura?originalSubdomain=br\" target=\"_blank\" rel=\"noopener\" class=\"\"><i  data-cp-fa=\"true\" class=\"team-colors-icon fa fa-linkedin\"><\/i><\/a> <a href=\"http:\/\/www.mochileirodasmaravilhas.com.br\" target=\"_blank\" rel=\"noopener\" class=\"\"><i  data-cp-fa=\"true\" class=\"fa team-colors-icon fa-globe\"><\/i><\/a> <a href=\"https:\/\/www.instagram.com\/mochileirodasmaravilhas\" target=\"_self\" rel=\"noopener\" class=\"\"><i  data-cp-fa=\"true\" class=\"fa team-colors-icon fa-instagram\"><\/i><\/a> <\/div> <\/div> <\/div>    <\/div> <\/div><\/div><div  id=\"numbers\" data-label=\"Numbers\" data-id=\"numbers-section\" data-category=\"numbers\" data-bg=\"transparent\" class=\"numbers-section\" data-parallax-depth=\"20\"> <div  class=\"gridContainer dynamic-color\"> <div  class=\"numbers-itemcol\"> <h2  class=\"numbers-numbertext\">+30<\/h2> <h3  class=\"numbers-titletext\">FEIRAS E EVENTOS DO TRADE<\/h3> <\/div> <div  class=\"numbers-itemcol\"> <h2  class=\"numbers-numbertext\">+60<\/h2> <h3  class=\"numbers-titletext\">PA\u00cdSES EXPLORADOS<\/h3> <\/div> <div  class=\"numbers-itemcol-last\"> <h2  class=\"numbers-numbertext\">+20<\/h2> <h3  class=\"numbers-titletext\">ANOS DENTRO DO TURISMO<\/h3> <\/div> <\/div><\/div><div  id=\"latest-posts\" style=\"background-color: #ffffff;\" data-label=\"Latest posts\" data-id=\"blog-section\" data-category=\"latest_news\" class=\"blog-section\"> <div  class=\"gridContainer\"> <div  class=\"blog-textrow\"> <div  class=\"blog-textcol dynamic-color\" data-type=\"column\"> <h2  class=\"\">Consultoria de Viagens<\/h2> <p  class=\"\">Muitos anos de trabalho em operadoras de turismo, cias a\u00e9reas e algumas andan\u00e7as pelo mundo nos trouxeram boa experi\u00eancia de mercado. Durante esse tempo, al\u00e9m de diversos clientes felizes e satisfeitos, vimos muitos insatisfeitos, seja por terem escolhido o destino errado, gastado mais do que achavam razo\u00e1vel ou n\u00e3o terem se planejado corretamente.\n<br >Baseado nisso, nasceu a nossa consultoria, que visa trazer a voc\u00ea, cliente, o melhor produto, no momento certo ao pre\u00e7o justo, para que aquele sonho de uma viagem inesquec\u00edvel n\u00e3o se torne um problema e uma triste experi\u00eancia pro resto da vida.\n<br >Mas eu preciso de uma consultoria pra isso? \n<br >N\u00e3o, n\u00e3o precisa. Voc\u00ea precisa de arquiteto para desenhar sua casa? \n<br >Precisa de um professor de educa\u00e7\u00e3o f\u00edsica para sair por a\u00ed fazendo exerc\u00edcios? \n<br >N\u00e3o, mas tenho certeza que sua casa ficar\u00e1 bem mais bonita e segura se tiver a m\u00e3o de um arquiteto e seu corpo mais saud\u00e1vel com a ajuda de um profissional de educa\u00e7\u00e3o f\u00edsica. \n<br >Esse \u00e9 o nosso conceito. \n<br >Queremos te orientar a aproveitar ao m\u00e1ximo a sua pr\u00f3xima viagem sem correr riscos ou passar por apuros!\n<br >\n<br >Entre em contato com a Wonders e te faremos algumas perguntas para inciar a nossa consultoria! <\/p> <\/div> <\/div> <div  class=\"blog-postsrow dark-text\" data-type=\"row\" data-dynamic-columns=\"one_page_express_latest_news_columns\" data-content-shortcode=\"one_page_express_latest_news\">\t<\/div> <div  class=\"blog-textcol\"> <a  class=\"button blue\" data-attr-shortcode=\"href:one_page_express_blog_link\" href=\"https:\/\/wonders.tur.br\/index.php\/blog\/\">wondersturismo@gmail.com<\/a> <\/div> <\/div><\/div><div  id=\"contact-4\" data-label=\"Contact\" data-id=\"contact-section\" data-category=\"contact\" data-bg=\"transparent\" class=\"contact-section-formsection white-text\"> <div  class=\"gridContainer\"> <div  class=\"row_224\"> <div  class=\"contact-textrow\"> <div  class=\"contact-textcol dynamic-color\"> <h2  class=\"\">Entre em contato!<\/h2> <p  class=\"white_text\">Esse espa\u00e7o \u00e9 seu! Mesmo que n\u00e3o tenha viajado com a gente, deixe suas dicas, traga novidades, recomende um lugar! \n<br >O pr\u00f3ximo viajante vai te agradecer!<\/p> <\/div> <\/div> <\/div> <div  class=\"contact-formcol\" data-content-shortcode=\"one_page_express_contact_form shortcode=&quot;wondersturismo@gmail.com&quot;\" data-editable=\"true\">[wondersturismo@gmail.com]<\/div> <\/div><\/div>","protected":false},"excerpt":{"rendered":"<p>Para onde ir? A decis\u00e3o da escolha do local nem sempre \u00e9 f\u00e1cil. Antes de decidir, pense em fatores como \u00e9poca do ano, custo da viagem , documenta\u00e7\u00e3o necess\u00e1ria e, \u00e9 claro, suas prefer\u00eancias e restri\u00e7\u00f5es!&nbsp; \u2014\u2014\u2013 Quando vou viajar? Escolher a melhor \u00e9poca para sua viagem \u00e9 muito importante, mas \u00e0s vezes, n\u00e3o temos&hellip; <br \/> <a class=\"button small blue\" href=\"https:\/\/wonders.tur.br\/\">Leia mais<\/a><\/p>\n","protected":false},"author":1,"featured_media":0,"parent":0,"menu_order":0,"comment_status":"closed","ping_status":"closed","template":"","meta":{"footnotes":""},"class_list":["post-55","page","type-page","status-publish","hentry"],"jetpack_sharing_enabled":true,"_links":{"self":[{"href":"https:\/\/wonders.tur.br\/index.php\/wp-json\/wp\/v2\/pages\/55","targetHints":{"allow":["GET"]}}],"collection":[{"href":"https:\/\/wonders.tur.br\/index.php\/wp-json\/wp\/v2\/pages"}],"about":[{"href":"https:\/\/wonders.tur.br\/index.php\/wp-json\/wp\/v2\/types\/page"}],"author":[{"embeddable":true,"href":"https:\/\/wonders.tur.br\/index.php\/wp-json\/wp\/v2\/users\/1"}],"replies":[{"embeddable":true,"href":"https:\/\/wonders.tur.br\/index.php\/wp-json\/wp\/v2\/comments?post=55"}],"version-history":[{"count":18,"href":"https:\/\/wonders.tur.br\/index.php\/wp-json\/wp\/v2\/pages\/55\/revisions"}],"predecessor-version":[{"id":147,"href":"https:\/\/wonders.tur.br\/index.php\/wp-json\/wp\/v2\/pages\/55\/revisions\/147"}],"wp:attachment":[{"href":"https:\/\/wonders.tur.br\/index.php\/wp-json\/wp\/v2\/media?parent=55"}],"curies":[{"name":"wp","href":"https:\/\/api.w.org\/{rel}","templated":true}]}}